{"id":18,"date":"2011-09-03T11:46:02","date_gmt":"2011-09-03T09:46:02","guid":{"rendered":"http:\/\/showmasters-whippets.de\/wordpress\/?page_id=18"},"modified":"2015-08-07T22:41:39","modified_gmt":"2015-08-07T20:41:39","slug":"wurfe","status":"publish","type":"page","link":"http:\/\/www.showmasters-whippets.de\/?page_id=18","title":{"rendered":"W\u00fcrfe"},"content":{"rendered":"<p>&nbsp;<\/p>\n<p>&nbsp;<\/p>\n<p><a href=\"http:\/\/www.showmasters-whippets.de\/wp-content\/uploads\/2013\/12\/P1090522.jpg\"><img loading=\"lazy\" decoding=\"async\" class=\"alignnone size-medium wp-image-1018\" alt=\"P1090522\" src=\"http:\/\/www.showmasters-whippets.de\/wp-content\/uploads\/2013\/12\/P1090522-300x225.jpg\" width=\"300\" height=\"225\" srcset=\"http:\/\/www.showmasters-whippets.de\/wp-content\/uploads\/2013\/12\/P1090522-300x225.jpg 300w, http:\/\/www.showmasters-whippets.de\/wp-content\/uploads\/2013\/12\/P1090522-1024x768.jpg 1024w, http:\/\/www.showmasters-whippets.de\/wp-content\/uploads\/2013\/12\/P1090522-400x300.jpg 400w\" sizes=\"auto, (max-width: 300px) 100vw, 300px\" \/><\/a><\/p>\n<p><a href=\"http:\/\/www.showmasters-whippets.de\/wp-content\/uploads\/2013\/12\/P1040372.jpg\"><img loading=\"lazy\" decoding=\"async\" class=\"alignnone size-medium wp-image-787\" alt=\"P1040372\" src=\"http:\/\/www.showmasters-whippets.de\/wp-content\/uploads\/2013\/12\/P1040372-300x225.jpg\" width=\"300\" height=\"225\" srcset=\"http:\/\/www.showmasters-whippets.de\/wp-content\/uploads\/2013\/12\/P1040372-300x225.jpg 300w, http:\/\/www.showmasters-whippets.de\/wp-content\/uploads\/2013\/12\/P1040372-1024x768.jpg 1024w, http:\/\/www.showmasters-whippets.de\/wp-content\/uploads\/2013\/12\/P1040372-400x300.jpg 400w\" sizes=\"auto, (max-width: 300px) 100vw, 300px\" \/><\/a>\u00a0<\/p>\n<p><a href=\"http:\/\/www.showmasters-whippets.de\/wp-content\/uploads\/2011\/09\/Bilder-001.jpg\"><img loading=\"lazy\" decoding=\"async\" class=\"alignnone size-medium wp-image-597\" alt=\"Bilder 001\" src=\"http:\/\/www.showmasters-whippets.de\/wp-content\/uploads\/2011\/09\/Bilder-001-300x225.jpg\" width=\"300\" height=\"225\" srcset=\"http:\/\/www.showmasters-whippets.de\/wp-content\/uploads\/2011\/09\/Bilder-001-300x225.jpg 300w, http:\/\/www.showmasters-whippets.de\/wp-content\/uploads\/2011\/09\/Bilder-001-400x300.jpg 400w, http:\/\/www.showmasters-whippets.de\/wp-content\/uploads\/2011\/09\/Bilder-001.jpg 640w\" sizes=\"auto, (max-width: 300px) 100vw, 300px\" \/><\/a><\/p>\n<p><a href=\"http:\/\/www.showmasters-whippets.de\/wp-content\/uploads\/2011\/10\/DSCF1528.jpg\"><img loading=\"lazy\" decoding=\"async\" class=\"alignnone size-medium wp-image-226\" alt=\"DSCF1528\" src=\"http:\/\/www.showmasters-whippets.de\/wp-content\/uploads\/2011\/10\/DSCF1528-300x225.jpg\" width=\"300\" height=\"225\" srcset=\"http:\/\/www.showmasters-whippets.de\/wp-content\/uploads\/2011\/10\/DSCF1528-300x225.jpg 300w, http:\/\/www.showmasters-whippets.de\/wp-content\/uploads\/2011\/10\/DSCF1528-1024x768.jpg 1024w, http:\/\/www.showmasters-whippets.de\/wp-content\/uploads\/2011\/10\/DSCF1528-400x300.jpg 400w\" sizes=\"auto, (max-width: 300px) 100vw, 300px\" \/><\/a>\u00a0<\/p>\n<p>&nbsp;<\/p>\n<p>&nbsp;<\/p>\n<p>Sollten Sie Interesse an einem Welpen aus diesem\u00a0 Wurf haben, so w\u00fcrde ich mich \u00fcber ein fr\u00fchzeitiges Kennenlernen freuen.<\/p>\n<p>&nbsp;<\/p>\n<p>&nbsp;<\/p>\n<p><strong>\u00a0<\/strong><\/p>\n<p>&nbsp;<\/p>\n<p><strong>\u00a0<\/strong><\/p>\n<p>&nbsp;<\/p>\n<p><strong>\u00a0<\/strong><\/p>\n<p>&nbsp;<\/p>\n","protected":false},"excerpt":{"rendered":"<p>&nbsp; &nbsp; \u00a0 \u00a0 &nbsp; &nbsp; Sollten Sie Interesse an einem Welpen aus diesem\u00a0 Wurf haben, so w\u00fcrde ich mich \u00fcber ein fr\u00fchzeitiges Kennenlernen freuen. &nbsp; &nbsp; \u00a0 &nbsp; \u00a0 &nbsp; \u00a0 &nbsp;<\/p>\n","protected":false},"author":2,"featured_media":0,"parent":0,"menu_order":10,"comment_status":"closed","ping_status":"open","template":"","meta":{"ngg_post_thumbnail":0,"footnotes":"","_links_to":"","_links_to_target":""},"class_list":["post-18","page","type-page","status-publish","hentry"],"_links":{"self":[{"href":"http:\/\/www.showmasters-whippets.de\/index.php?rest_route=\/wp\/v2\/pages\/18","targetHints":{"allow":["GET"]}}],"collection":[{"href":"http:\/\/www.showmasters-whippets.de\/index.php?rest_route=\/wp\/v2\/pages"}],"about":[{"href":"http:\/\/www.showmasters-whippets.de\/index.php?rest_route=\/wp\/v2\/types\/page"}],"author":[{"embeddable":true,"href":"http:\/\/www.showmasters-whippets.de\/index.php?rest_route=\/wp\/v2\/users\/2"}],"replies":[{"embeddable":true,"href":"http:\/\/www.showmasters-whippets.de\/index.php?rest_route=%2Fwp%2Fv2%2Fcomments&post=18"}],"version-history":[{"count":22,"href":"http:\/\/www.showmasters-whippets.de\/index.php?rest_route=\/wp\/v2\/pages\/18\/revisions"}],"predecessor-version":[{"id":1052,"href":"http:\/\/www.showmasters-whippets.de\/index.php?rest_route=\/wp\/v2\/pages\/18\/revisions\/1052"}],"wp:attachment":[{"href":"http:\/\/www.showmasters-whippets.de\/index.php?rest_route=%2Fwp%2Fv2%2Fmedia&parent=18"}],"curies":[{"name":"wp","href":"https:\/\/api.w.org\/{rel}","templated":true}]}}