{"id":89,"date":"2011-09-03T15:59:26","date_gmt":"2011-09-03T13:59:26","guid":{"rendered":"http:\/\/showmasters-whippets.de\/wordpress\/?page_id=89"},"modified":"2011-10-08T17:57:44","modified_gmt":"2011-10-08T15:57:44","slug":"showmaster%c2%b4s-all-about-jazz","status":"publish","type":"page","link":"http:\/\/www.showmasters-whippets.de\/?page_id=89","title":{"rendered":"Showmaster\u00b4s All About Jazz"},"content":{"rendered":"<p><img loading=\"lazy\" decoding=\"async\" class=\"alignnone size-medium wp-image-135\" title=\"jazz2009\" src=\"http:\/\/www.showmasters-whippets.de\/wp-content\/uploads\/2011\/09\/jazz2009-300x225.jpg\" alt=\"\" width=\"300\" height=\"225\" \/><\/p>\n<p>geb. 04.04.2006 <br \/> Z\u00fcchter: Jens A. Fischer<\/p>\n<p><strong><span style=\"text-decoration: underline;\">Erfolge <\/span><\/strong><\/p>\n<p><strong>01.05.2010 &#8211; CAC Wismar<\/strong> <br \/> <em>Richter: Herr Fischer<\/em> <br \/> V3 (Offene Klasse R\u00fcden)<\/p>\n<p><strong>10.12.2008 &#8211; CACIB Kassel<\/strong> <br \/> <em>Richter: Herr Molin (SE)<\/em> <br \/> V1, RCAC, RCACIB, VDH (Offene Klasse R\u00fcden)<\/p>\n<p><strong>07.06.2008 &#8211; CAC Weferlingen<\/strong> <br \/> <em>Richter: G\u00f6ran Bodegard (S)<\/em> <br \/> V3 (Offene Klasse R\u00fcden)<\/p>\n<p><strong>01.05.2008 &#8211; Eilenburg<\/strong> <br \/> V1, CAC, BOB, Bester R\u00fcde (Zwischenklasse R\u00fcden)<\/p>\n<p><strong>10.06.2007 &#8211; CAC Weferlingen<\/strong> <br \/> <em>Richterin: Pauline Oliver (GB)<\/em> <br \/> V3 (Jugendklasse R\u00fcden)<\/p>\n<p><strong>09.06.2007 &#8211; WCD Clubsieger 2007<\/strong> <br \/> <em>Richterin: Elisabet Janzon (S)<\/em> <br \/> V2, ResJgdCAC (Jugendklasse R\u00fcden)<\/p>\n<p><strong>02.06.2007 &#8211; CAC Neum\u00fcnster<\/strong> <br \/> <em>Richter: Harto Stockmari (Finnland)<\/em> <br \/> V2, ResJgdCAC (Jugendklasse R\u00fcden)<\/p>\n<p><strong>08.04.2007 &#8211; Hoope<\/strong> <br \/> <em>Richterin: Frau Schwerm-Hahne<\/em> <br \/> V1<\/p>\n<p><strong>26.03.2007 &#8211; CACIB Berlin<\/strong> <br \/> <em>Richter: Herr Jipping (NL)<\/em> <br \/> V2 und ResJgdCAC<\/p>\n<p><strong>15.07.2006 &#8211; Puppy &amp; Veteranentag in Wirges<\/strong> <br \/> <em>Richter: Herr Christer Wik (S)<\/em> <br \/> Gewinner seine Klasse (3-5 Monate), bester Puppy-R\u00fcde von 11 Puppies aus allen Klassen<\/p>\n<p><strong><span style=\"text-decoration: underline;\">Stammbaum <\/span><\/strong><\/p>\n<table style=\"width: 560px;\" border=\"2\" align=\"center\" bgcolor=\"#ffffff\">\n<tbody>\n<tr>\n<td rowspan=\"8\" align=\"center\" bgcolor=\"#ffffff\" width=\"142\"><span style=\"color: #000000; font-family: Verdana;\">Airescot Sapphire Stargazer <\/span><\/td>\n<td rowspan=\"4\" align=\"center\" bgcolor=\"#ffffff\" width=\"142\"><span style=\"color: #000000; font-family: Verdana;\">Ch. Statuesque Extortion <\/span><\/td>\n<td rowspan=\"2\" align=\"center\" bgcolor=\"#ffffff\" width=\"143\"><span style=\"color: #000000; font-family: Verdana;\">AmCh Starline Reign On <\/span><\/td>\n<td align=\"center\" bgcolor=\"#ffffff\" width=\"103\"><span style=\"color: #000000; font-family: Verdana;\">Ch Hamrya Lucky Charm <\/span><\/td>\n<\/tr>\n<tr>\n<td align=\"center\" bgcolor=\"#ffffff\" width=\"103\"><span style=\"color: #000000; font-family: Verdana;\">AmCh Ringmaster Gold Fever <\/span><\/td>\n<\/tr>\n<tr>\n<td rowspan=\"2\" align=\"center\" bgcolor=\"#ffffff\" width=\"143\"><span style=\"color: #000000; font-family: Verdana;\">AmAusCh Bohem Critics Choice <\/span><\/td>\n<td align=\"center\" bgcolor=\"#ffffff\" width=\"103\"><span style=\"color: #000000; font-family: Verdana;\">Ch. Delacreme de la Renta <\/span><\/td>\n<\/tr>\n<tr>\n<td align=\"center\" bgcolor=\"#ffffff\" width=\"103\"><span style=\"color: #000000; font-family: Verdana;\">AmCh Bohem of Thee I Sing <\/span><\/td>\n<\/tr>\n<tr>\n<td rowspan=\"4\" align=\"center\" bgcolor=\"#ffffff\" width=\"142\"><span style=\"color: #000000; font-family: Verdana;\">CanCh Lorricbrook Monopoly <\/span><\/td>\n<td rowspan=\"2\" align=\"center\" bgcolor=\"#ffffff\" width=\"143\"><span style=\"color: #000000; font-family: Verdana;\">CanCh Ringmaster Foxfire <\/span><\/td>\n<td align=\"center\" bgcolor=\"#ffffff\" width=\"103\"><span style=\"color: #000000; font-family: Verdana;\">CanCh Lorricbrook Sun Flyte <\/span><\/td>\n<\/tr>\n<tr>\n<td align=\"center\" bgcolor=\"#ffffff\" width=\"103\"><span style=\"color: #000000; font-family: Verdana;\">AmCh Gold-Dust Limited Edition <\/span><\/td>\n<\/tr>\n<tr>\n<td rowspan=\"2\" align=\"center\" bgcolor=\"#ffffff\" width=\"143\"><span style=\"color: #000000; font-family: Verdana;\">AmCanCh Nevedith Justa Jigsaw <\/span><\/td>\n<td align=\"center\" bgcolor=\"#ffffff\" width=\"103\"><span style=\"color: #000000; font-family: Verdana;\">EngCh Pencloe Dutch Gold <\/span><\/td>\n<\/tr>\n<tr>\n<td align=\"center\" bgcolor=\"#ffffff\" width=\"103\"><span style=\"color: #000000; font-family: Verdana;\">EngCh Nutshell of Nevedith <\/span><\/td>\n<\/tr>\n<tr>\n<td rowspan=\"8\" align=\"center\" bgcolor=\"#ffffff\" width=\"142\"><span style=\"color: #000000; font-family: Verdana;\">Whipponga Blue Ribbon <\/span><\/td>\n<td rowspan=\"4\" align=\"center\" bgcolor=\"#ffffff\" width=\"142\"><span style=\"color: #000000; font-family: Verdana;\">Ch Promises Promises du Sac a Malices <\/span><\/td>\n<td rowspan=\"2\" align=\"center\" bgcolor=\"#ffffff\" width=\"143\"><span style=\"color: #000000; font-family: Verdana;\">Lady Killer du Sac a Malices <\/span><\/td>\n<td align=\"center\" bgcolor=\"#ffffff\" width=\"103\"><span style=\"color: #000000; font-family: Verdana;\">Ch Homo Sapiens du Sac a Malices <\/span><\/td>\n<\/tr>\n<tr>\n<td align=\"center\" bgcolor=\"#ffffff\" width=\"103\"><span style=\"color: #000000; font-family: Verdana;\">GerCh Mouche de la Hay <\/span><\/td>\n<\/tr>\n<tr>\n<td rowspan=\"2\" align=\"center\" bgcolor=\"#ffffff\" width=\"143\"><span style=\"color: #000000; font-family: Verdana;\">Vibes Vanessa <\/span><\/td>\n<td align=\"center\" bgcolor=\"#ffffff\" width=\"103\"><span style=\"color: #000000; font-family: Verdana;\">Ch Homo Sapiens du Sac a Malices <\/span><\/td>\n<\/tr>\n<tr>\n<td align=\"center\" bgcolor=\"#ffffff\" width=\"103\"><span style=\"color: #000000; font-family: Verdana;\">Vibes Rafina <\/span><\/td>\n<\/tr>\n<tr>\n<td rowspan=\"4\" align=\"center\" bgcolor=\"#ffffff\" width=\"142\"><span style=\"color: #000000; font-family: Verdana;\">Bohem Blue Angel <\/span><\/td>\n<td rowspan=\"2\" align=\"center\" bgcolor=\"#ffffff\" width=\"143\"><span style=\"color: #000000; font-family: Verdana;\">AmCh Whippoorwill Tanager <\/span><\/td>\n<td align=\"center\" bgcolor=\"#ffffff\" width=\"103\"><span style=\"color: #000000; font-family: Verdana;\">AmCh Whippletree Raisin Cain <\/span><\/td>\n<\/tr>\n<tr>\n<td align=\"center\" bgcolor=\"#ffffff\" width=\"103\"><span style=\"color: #000000; font-family: Verdana;\">AmCh Lady Blair of Whippoorwill <\/span><\/td>\n<\/tr>\n<tr>\n<td rowspan=\"2\" align=\"center\" bgcolor=\"#ffffff\" width=\"143\"><span style=\"color: #000000; font-family: Verdana;\">AmCh Bohem La Boheme <\/span><\/td>\n<td align=\"center\" bgcolor=\"#ffffff\" width=\"103\"><span style=\"color: #000000; font-family: Verdana;\">AmCh Sporting Fields Strider <\/span><\/td>\n<\/tr>\n<tr>\n<td align=\"center\" bgcolor=\"#ffffff\" width=\"103\"><span style=\"color: #000000; font-family: Verdana;\">AmCh Whippoorwill Bohem Aria <\/span><\/td>\n<\/tr>\n<\/tbody>\n<\/table>\n<p>&nbsp;<\/p>\n","protected":false},"excerpt":{"rendered":"<p>geb. 04.04.2006 Z\u00fcchter: Jens A. Fischer Erfolge 01.05.2010 &#8211; CAC Wismar Richter: Herr Fischer V3 (Offene Klasse R\u00fcden) 10.12.2008 &#8211; CACIB Kassel Richter: Herr Molin (SE) V1, RCAC, RCACIB, VDH (Offene Klasse R\u00fcden) 07.06.2008 &#8211; CAC Weferlingen Richter: G\u00f6ran Bodegard &hellip; <a href=\"http:\/\/www.showmasters-whippets.de\/?page_id=89\">Weiterlesen <span class=\"meta-nav\">&rarr;<\/span><\/a><\/p>\n","protected":false},"author":2,"featured_media":0,"parent":14,"menu_order":2,"comment_status":"closed","ping_status":"open","template":"","meta":{"ngg_post_thumbnail":0,"footnotes":"","_links_to":"","_links_to_target":""},"class_list":["post-89","page","type-page","status-publish","hentry"],"_links":{"self":[{"href":"http:\/\/www.showmasters-whippets.de\/index.php?rest_route=\/wp\/v2\/pages\/89","targetHints":{"allow":["GET"]}}],"collection":[{"href":"http:\/\/www.showmasters-whippets.de\/index.php?rest_route=\/wp\/v2\/pages"}],"about":[{"href":"http:\/\/www.showmasters-whippets.de\/index.php?rest_route=\/wp\/v2\/types\/page"}],"author":[{"embeddable":true,"href":"http:\/\/www.showmasters-whippets.de\/index.php?rest_route=\/wp\/v2\/users\/2"}],"replies":[{"embeddable":true,"href":"http:\/\/www.showmasters-whippets.de\/index.php?rest_route=%2Fwp%2Fv2%2Fcomments&post=89"}],"version-history":[{"count":14,"href":"http:\/\/www.showmasters-whippets.de\/index.php?rest_route=\/wp\/v2\/pages\/89\/revisions"}],"predecessor-version":[{"id":134,"href":"http:\/\/www.showmasters-whippets.de\/index.php?rest_route=\/wp\/v2\/pages\/89\/revisions\/134"}],"up":[{"embeddable":true,"href":"http:\/\/www.showmasters-whippets.de\/index.php?rest_route=\/wp\/v2\/pages\/14"}],"wp:attachment":[{"href":"http:\/\/www.showmasters-whippets.de\/index.php?rest_route=%2Fwp%2Fv2%2Fmedia&parent=89"}],"curies":[{"name":"wp","href":"https:\/\/api.w.org\/{rel}","templated":true}]}}