{"id":94,"date":"2011-09-03T16:00:20","date_gmt":"2011-09-03T14:00:20","guid":{"rendered":"http:\/\/showmasters-whippets.de\/wordpress\/?page_id=94"},"modified":"2011-09-13T10:23:02","modified_gmt":"2011-09-13T08:23:02","slug":"showmaster%c2%b4s-creme-de-la-creme","status":"publish","type":"page","link":"http:\/\/www.showmasters-whippets.de\/?page_id=94","title":{"rendered":"Showmaster\u00b4s Cr\u00e8me de la Cr\u00e8me"},"content":{"rendered":"<p><img loading=\"lazy\" decoding=\"async\" class=\"alignnone size-medium wp-image-142\" title=\"creme2010\" src=\"http:\/\/www.showmasters-whippets.de\/wp-content\/uploads\/2011\/09\/creme2010-300x225.jpg\" alt=\"\" width=\"300\" height=\"225\" \/><\/p>\n<p><span style=\"font-size: small;\">geb. 27.08.2007<\/span><br \/><span style=\"font-size: small;\">Z\u00fcchter: Jens A. Fischer<\/span><\/p>\n<p><span style=\"font-size: small;\"><strong><span style=\"text-decoration: underline;\">Erfolge<\/span><\/strong><\/span><\/p>\n<p><span class=\"Apple-style-span\" style=\"font-size: 15px; line-height: 24px;\">03.04.2010 &#8211; CAC Hildesheim<br \/><\/span><em>Richter: Herr Fischer<\/em><br \/>V1, CAC, BH \u2013 Showmaster\u00b4s Cr\u00e8me de la Cr\u00e8me (Offene Klasse H\u00fcndinnen) &#8211; Damit erf\u00fcllt sie alle Bedingungen f\u00fcr den deutschen Champion Klub.<\/p>\n<p><strong>04.07.2009 &#8211; CAC Hamburg<\/strong><br \/><em>Richter: Herr Sistermann<\/em><br \/>V1 , CAC, VDH , BH, BOB, BIS3 \u2013 Showmaster\u00b4s Cr\u00e8me de la Cr\u00e8me (Zwischenklasse H\u00fcndinnen)<\/p>\n<p><strong>27.06.2009 &#8211; CAC Hannover<\/strong><br \/><em>Richterin: Frau Krah-Heiermann<\/em><br \/>V1 VDH, RCAC \u2013 Showmaster\u00b4s Cr\u00e8me de la Cr\u00e8me (Zwischenklasse H\u00fcndinnen)\u00a0<\/p>\n<p><strong>23.05.09 &#8211; CAC Eilenburg<\/strong><br \/><em>Richter: Herr Dr. Arnold<\/em><br \/>V1 VDH \u2013 Showmaster\u00b4s Cr\u00e8me de la Cr\u00e8me (Zwischenklasse H\u00fcndinnen)\u00a0<\/p>\n<p><strong>01.05.2009 &#8211; Europasieger 2009 Dortmund<\/strong><br \/><em>Richter: Herr Kiack<\/em><br \/>V2, RVHD \u2013 Showmaster\u00b4s Cr\u00e8me de la Cr\u00e8me (Zwischenklasse H\u00fcndinnen)<\/p>\n<p><strong>11.04.2009 &#8211; CAC K\u00f6ln<\/strong><br \/><em>Richterin: Frau Krah-Heiermann<\/em><br \/>V2, RVHD \u2013 Showmaster\u00b4s Cr\u00e8me de la Cr\u00e8me (Zwischenklasse H\u00fcndinnen)\u00a0<\/p>\n<p><strong>21.02.2009 &#8211; CAC Langerwisch<\/strong><br \/><em>Richter: Manfred Langer (D)<\/em><br \/>V1 CAC \u2013 Showmaster\u00b4s Cr\u00e8me de la Cr\u00e8me (Zwischenklasse H\u00fcndinnen)\u00a0<\/p>\n<p><strong>10.12.2008 &#8211; CACIB Kassel<br \/><\/strong><em>Richter: Herr Molin (SE)<br \/><\/em>V2 R JCAC \u2013 Showmaster`s Creme de la Creme (Jugendklasse H\u00fcndinnen)<\/p>\n<p><strong>29.06.2008 &#8211; CAC Hannover<\/strong><br \/><em>Richter: Herr Henne (D)<\/em><br \/>V1, JgdCAC, JgdBOB \u2013 Showmaster&#8217;s Cr\u00e8me de la Cr\u00e8me (Jugendklasse H\u00fcndinnen)<\/p>\n<p><strong>07.06.2008 &#8211; CAC Weferlingen<\/strong><br \/><em>Richter: G\u00f6ran Bodegard (S)<\/em><br \/>V3 \u2013 Showmaster&#8217;s Cr\u00e8me de la Cr\u00e8me (Jugendklasse H\u00fcndinnen)\u00a0\u00a0<\/p>\n<p><strong>01.05.2008 &#8211; CAC Eilenburg<\/strong><br \/>Showmaster&#8217;s Cr\u00e8me de la Cr\u00e8me bekam auf ihrer ersten Ausstellung ein ausgezeichnetes VV.<\/p>\n<p>&nbsp;<\/p>\n<p><span style=\"font-size: small;\"><strong><span style=\"text-decoration: underline;\">Stammbaum<\/span><\/strong><\/span><\/p>\n<table style=\"width: 560px;\" border=\"2\" align=\"center\" bgcolor=\"#ffffff\">\n<tbody>\n<tr>\n<td rowspan=\"8\" align=\"middle\" bgcolor=\"#ffffff\" width=\"142\"><span style=\"font-size: small;\">Ch. Silkstone Secret Gold<\/span><\/td>\n<td rowspan=\"4\" align=\"middle\" bgcolor=\"#ffffff\" width=\"142\"><span style=\"font-size: small;\">Ch.UK. Millwold Gold Dust to Exhurst<\/span><\/td>\n<td rowspan=\"2\" align=\"middle\" bgcolor=\"#ffffff\" width=\"143\"><span style=\"font-size: small;\">Ch.UK. Pencloe Dutch Gold<\/span><\/td>\n<td align=\"middle\" bgcolor=\"#ffffff\" width=\"103\"><span style=\"font-size: small;\">Hillsdown Fergal<\/span><\/td>\n<\/tr>\n<tr>\n<td align=\"middle\" bgcolor=\"#ffffff\" width=\"103\"><span style=\"font-size: small;\">Moonbeam of Pencloe and Kienford<\/span><\/td>\n<\/tr>\n<tr>\n<td rowspan=\"2\" align=\"middle\" bgcolor=\"#ffffff\" width=\"143\"><span style=\"font-size: small;\">Ch.UK. Millwold Suntan<\/span><\/td>\n<td align=\"middle\" bgcolor=\"#ffffff\" width=\"103\"><span style=\"font-size: small;\">Ch. Oakbark Master Cobbler<\/span><\/td>\n<\/tr>\n<tr>\n<td align=\"middle\" bgcolor=\"#ffffff\" width=\"103\"><span style=\"font-size: small;\">Ch. Savilepark Saucy Shrimp of Oakbark<\/span><\/td>\n<\/tr>\n<tr>\n<td rowspan=\"4\" align=\"middle\" bgcolor=\"#ffffff\" width=\"142\"><span style=\"font-size: small;\">Silkstone Portrait of Love<\/span><\/td>\n<td rowspan=\"2\" align=\"middle\" bgcolor=\"#ffffff\" width=\"143\"><span style=\"font-size: small;\">Ch.UK. Oakbark Master Plan<\/span><\/td>\n<td align=\"middle\" bgcolor=\"#ffffff\" width=\"103\"><span style=\"font-size: small;\">Ch. Master Shoemaker of Oakbark<\/span><\/td>\n<\/tr>\n<tr>\n<td align=\"middle\" bgcolor=\"#ffffff\" width=\"103\"><span style=\"font-size: small;\">Ch. Oakbark Generation Girl<\/span><\/td>\n<\/tr>\n<tr>\n<td rowspan=\"2\" align=\"middle\" bgcolor=\"#ffffff\" width=\"143\"><span style=\"font-size: small;\">Silkstone Moonlight<\/span><\/td>\n<td align=\"middle\" bgcolor=\"#ffffff\" width=\"103\"><span style=\"font-size: small;\">Hillsdown Fergal<\/span><\/td>\n<\/tr>\n<tr>\n<td align=\"middle\" bgcolor=\"#ffffff\" width=\"103\"><span style=\"font-size: small;\">Ch. Firedance at Silkstone<\/span><\/td>\n<\/tr>\n<tr>\n<td rowspan=\"8\" align=\"middle\" bgcolor=\"#ffffff\" width=\"142\"><span style=\"font-size: small;\">Forever Blue Fiona May<\/span><\/td>\n<td rowspan=\"4\" align=\"middle\" bgcolor=\"#ffffff\" width=\"142\"><span style=\"font-size: small;\">Forever Blue Bruce Willis<\/span><\/td>\n<td rowspan=\"2\" align=\"middle\" bgcolor=\"#ffffff\" width=\"143\"><span style=\"font-size: small;\">Lorricbrook Bandleaders<\/span><\/td>\n<td align=\"middle\" bgcolor=\"#ffffff\" width=\"103\"><span style=\"font-size: small;\">Sporting Fields Jazz Fest<\/span><\/td>\n<\/tr>\n<tr>\n<td align=\"middle\" bgcolor=\"#ffffff\" width=\"103\"><span style=\"font-size: small;\">Nevedith Justa Jigswa<\/span><\/td>\n<\/tr>\n<tr>\n<td rowspan=\"2\" align=\"middle\" bgcolor=\"#ffffff\" width=\"143\"><span style=\"font-size: small;\">Almansor&#8217;s Itsy-Bitsy<\/span><\/td>\n<td align=\"middle\" bgcolor=\"#ffffff\" width=\"103\"><span style=\"font-size: small;\">Oakbark Midnight Mint<\/span><\/td>\n<\/tr>\n<tr>\n<td align=\"middle\" bgcolor=\"#ffffff\" width=\"103\"><span style=\"font-size: small;\">Silkstone Finesse<\/span><\/td>\n<\/tr>\n<tr>\n<td rowspan=\"4\" align=\"middle\" bgcolor=\"#ffffff\" width=\"142\"><span style=\"font-size: small;\">Whipcat Fantasy<\/span><\/td>\n<td rowspan=\"2\" align=\"middle\" bgcolor=\"#ffffff\" width=\"143\"><span style=\"font-size: small;\">Lorricbrook Bandleader<\/span><\/td>\n<td align=\"middle\" bgcolor=\"#ffffff\" width=\"103\"><span style=\"font-size: small;\">Sporting Fields Jazz Fest<\/span><\/td>\n<\/tr>\n<tr>\n<td align=\"middle\" bgcolor=\"#ffffff\" width=\"103\"><span style=\"font-size: small;\">Nevedith Justa Jigswa<\/span><\/td>\n<\/tr>\n<tr>\n<td rowspan=\"2\" align=\"middle\" bgcolor=\"#ffffff\" width=\"143\"><span style=\"font-size: small;\">Courthill Cafe Society<\/span><\/td>\n<td align=\"middle\" bgcolor=\"#ffffff\" width=\"103\"><span style=\"font-size: small;\">Fawnbree Special Brew at<\/span><\/td>\n<\/tr>\n<tr>\n<td align=\"middle\" bgcolor=\"#ffffff\" width=\"103\"><span style=\"font-size: small;\">Courthill Country Affair at Selinko<\/span><\/td>\n<\/tr>\n<\/tbody>\n<\/table>\n<p>&nbsp;<\/p>\n","protected":false},"excerpt":{"rendered":"<p>geb. 27.08.2007Z\u00fcchter: Jens A. Fischer Erfolge 03.04.2010 &#8211; CAC HildesheimRichter: Herr FischerV1, CAC, BH \u2013 Showmaster\u00b4s Cr\u00e8me de la Cr\u00e8me (Offene Klasse H\u00fcndinnen) &#8211; Damit erf\u00fcllt sie alle Bedingungen f\u00fcr den deutschen Champion Klub. 04.07.2009 &#8211; CAC HamburgRichter: Herr SistermannV1 &hellip; <a href=\"http:\/\/www.showmasters-whippets.de\/?page_id=94\">Weiterlesen <span class=\"meta-nav\">&rarr;<\/span><\/a><\/p>\n","protected":false},"author":2,"featured_media":0,"parent":14,"menu_order":6,"comment_status":"closed","ping_status":"open","template":"","meta":{"ngg_post_thumbnail":0,"footnotes":"","_links_to":"","_links_to_target":""},"class_list":["post-94","page","type-page","status-publish","hentry"],"_links":{"self":[{"href":"http:\/\/www.showmasters-whippets.de\/index.php?rest_route=\/wp\/v2\/pages\/94","targetHints":{"allow":["GET"]}}],"collection":[{"href":"http:\/\/www.showmasters-whippets.de\/index.php?rest_route=\/wp\/v2\/pages"}],"about":[{"href":"http:\/\/www.showmasters-whippets.de\/index.php?rest_route=\/wp\/v2\/types\/page"}],"author":[{"embeddable":true,"href":"http:\/\/www.showmasters-whippets.de\/index.php?rest_route=\/wp\/v2\/users\/2"}],"replies":[{"embeddable":true,"href":"http:\/\/www.showmasters-whippets.de\/index.php?rest_route=%2Fwp%2Fv2%2Fcomments&post=94"}],"version-history":[{"count":7,"href":"http:\/\/www.showmasters-whippets.de\/index.php?rest_route=\/wp\/v2\/pages\/94\/revisions"}],"predecessor-version":[{"id":141,"href":"http:\/\/www.showmasters-whippets.de\/index.php?rest_route=\/wp\/v2\/pages\/94\/revisions\/141"}],"up":[{"embeddable":true,"href":"http:\/\/www.showmasters-whippets.de\/index.php?rest_route=\/wp\/v2\/pages\/14"}],"wp:attachment":[{"href":"http:\/\/www.showmasters-whippets.de\/index.php?rest_route=%2Fwp%2Fv2%2Fmedia&parent=94"}],"curies":[{"name":"wp","href":"https:\/\/api.w.org\/{rel}","templated":true}]}}